{"id":24,"date":"2022-07-03T14:09:48","date_gmt":"2022-07-03T12:09:48","guid":{"rendered":"http:\/\/evabigeard.fr\/?page_id=24"},"modified":"2026-03-26T17:49:23","modified_gmt":"2026-03-26T16:49:23","slug":"blog","status":"publish","type":"page","link":"https:\/\/evabigeard.fr\/?page_id=24","title":{"rendered":"Blog"},"content":{"rendered":"\r\n<p class=\"has-text-align-left\">Le 2 mai dernier Bastien m\u2019appelait \u00e0 10h pour que je prenne la route.<br>Il \u00e9tait l\u2019heure pour moi d\u2019assister \u00e0 ce qui sera probablement un des plus grands moments de ma carri\u00e8re.\u00a0<br>La naissance de Janis.\u00a0<br>.<br>Dans son r\u00e9cit d\u2019accouchement, Sol\u00e8ne mentionne ma pr\u00e9sence mais pas une fois elle ne mentionne que je suis l\u00e0 pour faire des photos. Je crois que c\u2019est exactement \u00e7a. \u00catre l\u00e0 pr\u00e9sente, puis dispara\u00eetre, et juste \u00eatre le t\u00e9moin des choses, incroyable incroyable qu\u2019il se passe sous mes yeux.<\/p>\r\n\r\n\r\n\r\n<p class=\"has-text-align-left\">La confiance ultime & les p\u00e2tes les plus incroyables qu\u2019il m\u2019est \u00e9t\u00e9 donn\u00e9 de manger.<\/p>\r\n\r\n\r\n\n    <div\n      class=\"alignfull flex-block flex-block--blockID--4bc7744d55e0\"\n      data-block-id=\"blockID--4bc7744d55e0\" \n      id=\"flex-blockid--4bc7744d55e0\"\n      \n    >\n    <style> @media only screen and (min-width: 768px) { .flex-block--blockID--4bc7744d55e0 { --html-font-size: 1.25vw; --height:714.843em; --bg-color: var(--scheme_1--background--default); --margin-top: 0em; --margin-bottom: 0em; } } @media only screen and (max-width: 767px) { .flex-block--blockID--4bc7744d55e0 { --html-font-size: 4.2666666666667vw; --height: 313.625em; --bg-color: var(--scheme_1--background--default); --margin-top: 0em; --margin-bottom: 0em; } } <\/style>\n    <div class=\"flex-block__main-container server-rendered\"><style> .flex-block__element--block-blockID--4bc7744d55e0.flex-block__element--element_id_7682a1456b46, .flex-element-animation-helper[data-id='element_id_7682a1456b46'][data-block-id='blockID--4bc7744d55e0'] { --el-width: 56.66116em; --el-width-tablet: 56.66116em; --el-height: 698.5124em; --el-height-tablet: 698.5124em; --el-actual-height: 698.5124em; --el-actual-height-tablet: 698.5124em; --position-top: -6.28099em; --position-top-tablet: -6.28099em; --position-left: 11.63636em; --position-left-tablet: 11.63636em; --rotateDeg: 0deg; --z-index: 1; } @media only screen and (max-width: 767px) { .flex-block__element--block-blockID--4bc7744d55e0.flex-block__element--element_id_7682a1456b46, .flex-element-animation-helper[data-id='element_id_7682a1456b46'][data-block-id='blockID--4bc7744d55e0'] { --el-width: 21.3211em; --el-width-tablet: 21.3211em; --el-height: 263.40892em; --el-height-tablet: 263.40892em; --el-actual-height: 263.40892em; --el-actual-height-tablet: 263.40892em; --position-top: 1.0582em; --position-top-tablet: 1.0582em; --position-left: 1.11111em; --position-left-tablet: 1.11111em; --rotateDeg: 0deg; --z-index: 1; } } \/*ANIMATION START*\/\/*ANIMATION END*\/<\/style>\n    <style>\n      .flex-block__element--element_id_7682a1456b46 \n      .flex-element-type-instagram__custom-link {\n        \n      line-height: 1.3;\n      font-size: 0.8125rem;\n      letter-spacing: 0em;\n      font-family: inherit;\n\n      font-weight: normal;\n      font-style: normal;\n      text-decoration: none;\n      text-transform: none;\n    \n      }\n    <\/style>\n    <div\n      class=\"\n      flex-block__element\n      flex-block__element--element_id_7682a1456b46\n      flex-block__element--instagram\n       flex-block__element--block-blockID--4bc7744d55e0   flex-block__element--synced \n      \"\n      style=\"\n      \n    --img-amount:    3;\n    --imagesPerRow:  2;\n    --imagesGap:     0.625rem;\n    --link-color:    scheme_1\/text\/default;\n    --link-bg-color: scheme_1\/background\/default;\n  \n      \"\n    >\n      <div class=\"flex-element-type-instagram flex-element-type-instagram--layout-masonry\">\n        \n        <div class=\"flex-element-type-instagram__images-wrap\">\n          \n    <div class=\"\n      flex-element-type-instagram__link\n      flex-element-type-instagram__link--custom\n    \">\n      <img data-src=\"http:\/\/evabigeard.fr\/wp-content\/uploads\/2026\/02\/Naissance-Janis-43-683x1024.jpg\" alt=\"\" \/>\n    <\/div>\n  \n    <div class=\"\n      flex-element-type-instagram__link\n      flex-element-type-instagram__link--custom\n    \">\n      <img data-src=\"http:\/\/evabigeard.fr\/wp-content\/uploads\/2026\/02\/Naissance-Janis-7-683x1024.jpg\" alt=\"\" \/>\n    <\/div>\n  \n    <div class=\"\n      flex-element-type-instagram__link\n      flex-element-type-instagram__link--custom\n    \">\n      <img data-src=\"http:\/\/evabigeard.fr\/wp-content\/uploads\/2026\/02\/Naissance-Janis-13-1024x683.jpg\" alt=\"\" \/>\n    <\/div>\n  \n    <div class=\"\n      flex-element-type-instagram__link\n      flex-element-type-instagram__link--custom\n    \">\n      <img data-src=\"http:\/\/evabigeard.fr\/wp-content\/uploads\/2026\/02\/Naissance-Janis-110-1024x683.jpg\" alt=\"\" \/>\n    <\/div>\n  \n    <div class=\"\n      flex-element-type-instagram__link\n      flex-element-type-instagram__link--custom\n    \">\n      <img data-src=\"http:\/\/evabigeard.fr\/wp-content\/uploads\/2026\/02\/Naissance-Janis-119-1024x683.jpg\" alt=\"\" \/>\n    <\/div>\n  \n    <div class=\"\n      flex-element-type-instagram__link\n      flex-element-type-instagram__link--custom\n    \">\n      <img data-src=\"http:\/\/evabigeard.fr\/wp-content\/uploads\/2026\/02\/Naissance-Janis-124-1024x683.jpg\" alt=\"\" \/>\n    <\/div>\n  \n    <div class=\"\n      flex-element-type-instagram__link\n      flex-element-type-instagram__link--custom\n    \">\n      <img data-src=\"http:\/\/evabigeard.fr\/wp-content\/uploads\/2026\/02\/Naissance-Janis-28-1024x683.jpg\" alt=\"\" \/>\n    <\/div>\n  \n    <div class=\"\n      flex-element-type-instagram__link\n      flex-element-type-instagram__link--custom\n    \">\n      <img data-src=\"http:\/\/evabigeard.fr\/wp-content\/uploads\/2026\/02\/Naissance-Janis-14-1024x683.jpg\" alt=\"\" \/>\n    <\/div>\n  \n    <div class=\"\n      flex-element-type-instagram__link\n      flex-element-type-instagram__link--custom\n    \">\n      <img data-src=\"http:\/\/evabigeard.fr\/wp-content\/uploads\/2026\/02\/Naissance-Janis-16-1024x683.jpg\" alt=\"\" \/>\n    <\/div>\n  \n    <div class=\"\n      flex-element-type-instagram__link\n      flex-element-type-instagram__link--custom\n    \">\n      <img data-src=\"http:\/\/evabigeard.fr\/wp-content\/uploads\/2026\/02\/Naissance-Janis-167-1024x683.jpg\" alt=\"\" \/>\n    <\/div>\n  \n    <div class=\"\n      flex-element-type-instagram__link\n      flex-element-type-instagram__link--custom\n    \">\n      <img data-src=\"http:\/\/evabigeard.fr\/wp-content\/uploads\/2026\/02\/Naissance-Janis-156-1024x683.jpg\" alt=\"\" \/>\n    <\/div>\n  \n    <div class=\"\n      flex-element-type-instagram__link\n      flex-element-type-instagram__link--custom\n    \">\n      <img data-src=\"http:\/\/evabigeard.fr\/wp-content\/uploads\/2026\/02\/Naissance-Janis-51-1024x683.jpg\" alt=\"\" \/>\n    <\/div>\n  \n    <div class=\"\n      flex-element-type-instagram__link\n      flex-element-type-instagram__link--custom\n    \">\n      <img data-src=\"http:\/\/evabigeard.fr\/wp-content\/uploads\/2026\/02\/Naissance-Janis-68-1024x683.jpg\" alt=\"\" \/>\n    <\/div>\n  \n    <div class=\"\n      flex-element-type-instagram__link\n      flex-element-type-instagram__link--custom\n    \">\n      <img data-src=\"http:\/\/evabigeard.fr\/wp-content\/uploads\/2026\/02\/Naissance-Janis-72-1024x683.jpg\" alt=\"\" \/>\n    <\/div>\n  \n    <div class=\"\n      flex-element-type-instagram__link\n      flex-element-type-instagram__link--custom\n    \">\n      <img data-src=\"http:\/\/evabigeard.fr\/wp-content\/uploads\/2026\/02\/Naissance-Janis-74-683x1024.jpg\" alt=\"\" \/>\n    <\/div>\n  \n    <div class=\"\n      flex-element-type-instagram__link\n      flex-element-type-instagram__link--custom\n    \">\n      <img data-src=\"http:\/\/evabigeard.fr\/wp-content\/uploads\/2026\/02\/Naissance-Janis-190-683x1024.jpg\" alt=\"\" \/>\n    <\/div>\n  \n    <div class=\"\n      flex-element-type-instagram__link\n      flex-element-type-instagram__link--custom\n    \">\n      <img data-src=\"http:\/\/evabigeard.fr\/wp-content\/uploads\/2026\/02\/Naissance-Janis-173-1024x683.jpg\" alt=\"\" \/>\n    <\/div>\n  \n    <div class=\"\n      flex-element-type-instagram__link\n      flex-element-type-instagram__link--custom\n    \">\n      <img data-src=\"http:\/\/evabigeard.fr\/wp-content\/uploads\/2026\/02\/Naissance-Janis-203-1024x683.jpg\" alt=\"\" \/>\n    <\/div>\n  \n    <div class=\"\n      flex-element-type-instagram__link\n      flex-element-type-instagram__link--custom\n    \">\n      <img data-src=\"http:\/\/evabigeard.fr\/wp-content\/uploads\/2026\/02\/Naissance-Janis-212-683x1024.jpg\" alt=\"\" \/>\n    <\/div>\n  \n    <div class=\"\n      flex-element-type-instagram__link\n      flex-element-type-instagram__link--custom\n    \">\n      <img data-src=\"http:\/\/evabigeard.fr\/wp-content\/uploads\/2026\/02\/Naissance-Janis-226-1024x683.jpg\" alt=\"\" \/>\n    <\/div>\n  \n    <div class=\"\n      flex-element-type-instagram__link\n      flex-element-type-instagram__link--custom\n    \">\n      <img data-src=\"http:\/\/evabigeard.fr\/wp-content\/uploads\/2026\/02\/Naissance-Janis-229-1024x683.jpg\" alt=\"\" \/>\n    <\/div>\n  \n    <div class=\"\n      flex-element-type-instagram__link\n      flex-element-type-instagram__link--custom\n    \">\n      <img data-src=\"http:\/\/evabigeard.fr\/wp-content\/uploads\/2026\/02\/Naissance-Janis-249-1024x683.jpg\" alt=\"\" \/>\n    <\/div>\n  \n    <div class=\"\n      flex-element-type-instagram__link\n      flex-element-type-instagram__link--custom\n    \">\n      <img data-src=\"http:\/\/evabigeard.fr\/wp-content\/uploads\/2026\/02\/Naissance-Janis-275-1024x683.jpg\" alt=\"\" \/>\n    <\/div>\n  \n    <div class=\"\n      flex-element-type-instagram__link\n      flex-element-type-instagram__link--custom\n    \">\n      <img data-src=\"http:\/\/evabigeard.fr\/wp-content\/uploads\/2026\/02\/Naissance-Janis-289-1024x683.jpg\" alt=\"\" \/>\n    <\/div>\n  \n    <div class=\"\n      flex-element-type-instagram__link\n      flex-element-type-instagram__link--custom\n    \">\n      <img data-src=\"http:\/\/evabigeard.fr\/wp-content\/uploads\/2026\/02\/Naissance-Janis-294-1024x683.jpg\" alt=\"\" \/>\n    <\/div>\n  \n    <div class=\"\n      flex-element-type-instagram__link\n      flex-element-type-instagram__link--custom\n    \">\n      <img data-src=\"http:\/\/evabigeard.fr\/wp-content\/uploads\/2026\/02\/Naissance-Janis-301-1024x683.jpg\" alt=\"\" \/>\n    <\/div>\n  \n    <div class=\"\n      flex-element-type-instagram__link\n      flex-element-type-instagram__link--custom\n    \">\n      <img data-src=\"http:\/\/evabigeard.fr\/wp-content\/uploads\/2026\/02\/Naissance-Janis-302-683x1024.jpg\" alt=\"\" \/>\n    <\/div>\n  \n    <div class=\"\n      flex-element-type-instagram__link\n      flex-element-type-instagram__link--custom\n    \">\n      <img data-src=\"http:\/\/evabigeard.fr\/wp-content\/uploads\/2026\/02\/Naissance-Janis-312-1024x683.jpg\" alt=\"\" \/>\n    <\/div>\n  \n    <div class=\"\n      flex-element-type-instagram__link\n      flex-element-type-instagram__link--custom\n    \">\n      <img data-src=\"http:\/\/evabigeard.fr\/wp-content\/uploads\/2026\/02\/Naissance-Janis-314-1024x683.jpg\" alt=\"\" \/>\n    <\/div>\n  \n    <div class=\"\n      flex-element-type-instagram__link\n      flex-element-type-instagram__link--custom\n    \">\n      <img data-src=\"http:\/\/evabigeard.fr\/wp-content\/uploads\/2026\/02\/Naissance-Janis-339-683x1024.jpg\" alt=\"\" \/>\n    <\/div>\n  \n    <div class=\"\n      flex-element-type-instagram__link\n      flex-element-type-instagram__link--custom\n    \">\n      <img data-src=\"http:\/\/evabigeard.fr\/wp-content\/uploads\/2026\/02\/Naissance-Janis-352-1024x683.jpg\" alt=\"\" \/>\n    <\/div>\n  \n    <div class=\"\n      flex-element-type-instagram__link\n      flex-element-type-instagram__link--custom\n    \">\n      <img data-src=\"http:\/\/evabigeard.fr\/wp-content\/uploads\/2026\/02\/Naissance-Janis-356-683x1024.jpg\" alt=\"\" \/>\n    <\/div>\n  \n    <div class=\"\n      flex-element-type-instagram__link\n      flex-element-type-instagram__link--custom\n    \">\n      <img data-src=\"http:\/\/evabigeard.fr\/wp-content\/uploads\/2026\/02\/Naissance-Janis-357-1024x683.jpg\" alt=\"\" \/>\n    <\/div>\n  \n    <div class=\"\n      flex-element-type-instagram__link\n      flex-element-type-instagram__link--custom\n    \">\n      <img data-src=\"http:\/\/evabigeard.fr\/wp-content\/uploads\/2026\/02\/Naissance-Janis-361-1024x683.jpg\" alt=\"\" \/>\n    <\/div>\n  \n    <div class=\"\n      flex-element-type-instagram__link\n      flex-element-type-instagram__link--custom\n    \">\n      <img data-src=\"http:\/\/evabigeard.fr\/wp-content\/uploads\/2026\/02\/Naissance-Janis-367-1024x683.jpg\" alt=\"\" \/>\n    <\/div>\n  \n    <div class=\"\n      flex-element-type-instagram__link\n      flex-element-type-instagram__link--custom\n    \">\n      <img data-src=\"http:\/\/evabigeard.fr\/wp-content\/uploads\/2026\/02\/Naissance-Janis-379-1024x683.jpg\" alt=\"\" \/>\n    <\/div>\n  \n    <div class=\"\n      flex-element-type-instagram__link\n      flex-element-type-instagram__link--custom\n    \">\n      <img data-src=\"http:\/\/evabigeard.fr\/wp-content\/uploads\/2026\/02\/Naissance-Janis-394-1024x683.jpg\" alt=\"\" \/>\n    <\/div>\n  \n    <div class=\"\n      flex-element-type-instagram__link\n      flex-element-type-instagram__link--custom\n    \">\n      <img data-src=\"http:\/\/evabigeard.fr\/wp-content\/uploads\/2026\/02\/Naissance-Janis-407-1024x683.jpg\" alt=\"\" \/>\n    <\/div>\n  \n    <div class=\"\n      flex-element-type-instagram__link\n      flex-element-type-instagram__link--custom\n    \">\n      <img data-src=\"http:\/\/evabigeard.fr\/wp-content\/uploads\/2026\/02\/Naissance-Janis-485-1024x683.jpg\" alt=\"\" \/>\n    <\/div>\n  \n    <div class=\"\n      flex-element-type-instagram__link\n      flex-element-type-instagram__link--custom\n    \">\n      <img data-src=\"http:\/\/evabigeard.fr\/wp-content\/uploads\/2026\/02\/Naissance-Janis-420-1024x683.jpg\" alt=\"\" \/>\n    <\/div>\n  \n    <div class=\"\n      flex-element-type-instagram__link\n      flex-element-type-instagram__link--custom\n    \">\n      <img data-src=\"http:\/\/evabigeard.fr\/wp-content\/uploads\/2026\/02\/Naissance-Janis-489-1024x683.jpg\" alt=\"\" \/>\n    <\/div>\n  \n    <div class=\"\n      flex-element-type-instagram__link\n      flex-element-type-instagram__link--custom\n    \">\n      <img data-src=\"http:\/\/evabigeard.fr\/wp-content\/uploads\/2026\/02\/Naissance-Janis-495-1024x683.jpg\" alt=\"\" \/>\n    <\/div>\n  \n    <div class=\"\n      flex-element-type-instagram__link\n      flex-element-type-instagram__link--custom\n    \">\n      <img data-src=\"http:\/\/evabigeard.fr\/wp-content\/uploads\/2026\/02\/Naissance-Janis-578-683x1024.jpg\" alt=\"\" \/>\n    <\/div>\n  \n    <div class=\"\n      flex-element-type-instagram__link\n      flex-element-type-instagram__link--custom\n    \">\n      <img data-src=\"http:\/\/evabigeard.fr\/wp-content\/uploads\/2026\/02\/Naissance-Janis-577-1024x683.jpg\" alt=\"\" \/>\n    <\/div>\n  \n    <div class=\"\n      flex-element-type-instagram__link\n      flex-element-type-instagram__link--custom\n    \">\n      <img data-src=\"http:\/\/evabigeard.fr\/wp-content\/uploads\/2026\/02\/Naissance-Janis-570-1024x683.jpg\" alt=\"\" \/>\n    <\/div>\n  \n    <div class=\"\n      flex-element-type-instagram__link\n      flex-element-type-instagram__link--custom\n    \">\n      <img data-src=\"http:\/\/evabigeard.fr\/wp-content\/uploads\/2026\/02\/Naissance-Janis-543-1024x683.jpg\" alt=\"\" \/>\n    <\/div>\n  \n    <div class=\"\n      flex-element-type-instagram__link\n      flex-element-type-instagram__link--custom\n    \">\n      <img data-src=\"http:\/\/evabigeard.fr\/wp-content\/uploads\/2026\/02\/Naissance-Janis-538-1024x683.jpg\" alt=\"\" \/>\n    <\/div>\n  \n    <div class=\"\n      flex-element-type-instagram__link\n      flex-element-type-instagram__link--custom\n    \">\n      <img data-src=\"http:\/\/evabigeard.fr\/wp-content\/uploads\/2026\/02\/Naissance-Janis-527-1024x683.jpg\" alt=\"\" \/>\n    <\/div>\n  \n    <div class=\"\n      flex-element-type-instagram__link\n      flex-element-type-instagram__link--custom\n    \">\n      <img data-src=\"http:\/\/evabigeard.fr\/wp-content\/uploads\/2026\/02\/Naissance-Janis-519-1024x683.jpg\" alt=\"\" \/>\n    <\/div>\n  \n    <div class=\"\n      flex-element-type-instagram__link\n      flex-element-type-instagram__link--custom\n    \">\n      <img data-src=\"http:\/\/evabigeard.fr\/wp-content\/uploads\/2026\/02\/Naissance-Janis-504-1024x683.jpg\" alt=\"\" \/>\n    <\/div>\n  \n    <div class=\"\n      flex-element-type-instagram__link\n      flex-element-type-instagram__link--custom\n    \">\n      <img data-src=\"http:\/\/evabigeard.fr\/wp-content\/uploads\/2026\/02\/Naissance-Janis-497-683x1024.jpg\" alt=\"\" \/>\n    <\/div>\n  \n    <div class=\"\n      flex-element-type-instagram__link\n      flex-element-type-instagram__link--custom\n    \">\n      <img data-src=\"http:\/\/evabigeard.fr\/wp-content\/uploads\/2026\/02\/Naissance-Janis-501-683x1024.jpg\" alt=\"\" \/>\n    <\/div>\n  \n    <div class=\"\n      flex-element-type-instagram__link\n      flex-element-type-instagram__link--custom\n    \">\n      <img data-src=\"http:\/\/evabigeard.fr\/wp-content\/uploads\/2026\/02\/Naissance-Janis-498-1024x683.jpg\" alt=\"\" \/>\n    <\/div>\n  \n    <div class=\"\n      flex-element-type-instagram__link\n      flex-element-type-instagram__link--custom\n    \">\n      <img data-src=\"http:\/\/evabigeard.fr\/wp-content\/uploads\/2026\/02\/Naissance-Janis-579-683x1024.jpg\" alt=\"\" \/>\n    <\/div>\n  \n    <div class=\"\n      flex-element-type-instagram__link\n      flex-element-type-instagram__link--custom\n    \">\n      <img data-src=\"http:\/\/evabigeard.fr\/wp-content\/uploads\/2026\/02\/Naissance-Janis-611-1024x683.jpg\" alt=\"\" \/>\n    <\/div>\n  \n        <\/div>\n      <\/div>\n    <\/div>\n  <\/div><\/div>","protected":false},"excerpt":{"rendered":"<p>Le 2 mai dernier Bastien m\u2019appelait \u00e0 10h pour que je prenne la route.Il \u00e9tait l\u2019heure pour moi d\u2019assister \u00e0 ce qui sera probablement un des plus grands moments de ma carri\u00e8re.\u00a0La naissance de Janis.\u00a0.Dans son r\u00e9cit d\u2019accouchement, Sol\u00e8ne mentionne ma pr\u00e9sence mais pas une fois elle ne mentionne que je suis l\u00e0 pour faire&#8230;<\/p>\n","protected":false},"author":1,"featured_media":0,"parent":0,"menu_order":0,"comment_status":"closed","ping_status":"closed","template":"","meta":{"footnotes":""},"class_list":["post-24","page","type-page","status-publish","hentry"],"fbg_featured_image_src":{"full":false,"thumbnail":false,"medium":false,"medium_large":false,"large":false,"1536x1536":false,"2048x2048":false},"fbg_excerpt":"Le 2 mai dernier Bastien m\u2019appelait \u00e0 10h pour que je prenne la route.Il \u00e9tait l\u2019heure pour moi d\u2019assister \u00e0 ce qui sera probablement un des plus grands moments de ma carri\u00e8re.\u00a0La naissance de Janis.\u00a0.Dans son r\u00e9cit d\u2019accouchement, Sol\u00e8ne mentionne ma pr\u00e9sence mais pas une fois elle ne mentionne que je suis l\u00e0 pour faire...","_links":{"self":[{"href":"https:\/\/evabigeard.fr\/index.php?rest_route=\/wp\/v2\/pages\/24","targetHints":{"allow":["GET"]}}],"collection":[{"href":"https:\/\/evabigeard.fr\/index.php?rest_route=\/wp\/v2\/pages"}],"about":[{"href":"https:\/\/evabigeard.fr\/index.php?rest_route=\/wp\/v2\/types\/page"}],"author":[{"embeddable":true,"href":"https:\/\/evabigeard.fr\/index.php?rest_route=\/wp\/v2\/users\/1"}],"replies":[{"embeddable":true,"href":"https:\/\/evabigeard.fr\/index.php?rest_route=%2Fwp%2Fv2%2Fcomments&post=24"}],"version-history":[{"count":12,"href":"https:\/\/evabigeard.fr\/index.php?rest_route=\/wp\/v2\/pages\/24\/revisions"}],"predecessor-version":[{"id":2138,"href":"https:\/\/evabigeard.fr\/index.php?rest_route=\/wp\/v2\/pages\/24\/revisions\/2138"}],"wp:attachment":[{"href":"https:\/\/evabigeard.fr\/index.php?rest_route=%2Fwp%2Fv2%2Fmedia&parent=24"}],"curies":[{"name":"wp","href":"https:\/\/api.w.org\/{rel}","templated":true}]}}