{"id":22,"date":"2022-07-03T14:09:46","date_gmt":"2022-07-03T12:09:46","guid":{"rendered":"http:\/\/evabigeard.fr\/?page_id=22"},"modified":"2026-02-19T18:48:14","modified_gmt":"2026-02-19T17:48:14","slug":"about","status":"publish","type":"page","link":"http:\/\/evabigeard.fr\/?page_id=22","title":{"rendered":"A propos"},"content":{"rendered":"\n<p><p style=\"white-space: normal;\">Contact<\/p><\/p>\n\n\n\n<p><p style=\"white-space: normal;\"><strong>evabigeard@yahoo.fr<\/strong><\/p><\/p>\n\n\n\n<p>+33603271029<\/p>\n\n\n\n<p><span style=\"font-size: revert; white-space: normal;\">@evabigeard<\/span><\/p>\n\n\n\n<p>Publications<\/p>\n\n\n\n<p>2026, <em>Fendre lame<\/em>, portrait de Gabriella Papadakis, Lib\u00e9ration <\/p>\n\n\n\n<p>2025, <em>Pi\u00e9 &amp; La SAAB<\/em>, Edition de l'Obession N\u00b05<\/p>\n\n\n\n<p>2021,<em> Yoga et Trail<\/em>, Sophie Bernaille, Guide Broch\u00e9<\/p>\n\n\n\n<p>2019 <em>Je m'enneige<\/em>, Beno\u00eft Sourty, Roman Broch\u00e9<\/p>\n\n\n\n<p>2019 <em>Nature Gu\u00e9risseuse<\/em>, Camille Pelloux, Edition Marabout<\/p>\n\n\n\n<p>Expositions<\/p>\n\n\n\n<p>2023-2024-2025 <em>Cycle photographique<\/em>, Taninges <\/p>\n\n\n\n<p>2019 <em>Nature Gu\u00e9risseuse<\/em>, Camille Pelloux, Chamonix, Annecy<\/p>\n\n\n\n<p>2018<em> Le projet M\u00e8re-Fille<\/em>, Samo\u00ebns<\/p>\n\n\n\n<p>2015 <em>The Big France Mobylette Tour<\/em>, Marcellaz, Marignier, Samo\u00ebns<\/p>\n\n\n\n<p><\/p>\n\n\n\n<p><\/p>\n","protected":false},"excerpt":{"rendered":"<p>Contact evabigeard@yahoo.fr +33603271029 @evabigeard Publications 2026, Fendre lame, portrait de Gabriella Papadakis, Lib\u00e9ration 2025, Pi\u00e9 &amp; La SAAB, Edition de l&#8217;Obession N\u00b05 2021, Yoga et Trail, Sophie Bernaille, Guide Broch\u00e9 2019 Je m&#8217;enneige, Beno\u00eft Sourty, Roman Broch\u00e9 2019 Nature Gu\u00e9risseuse, Camille Pelloux, Edition Marabout Expositions 2023-2024-2025 Cycle photographique, Taninges 2019 Nature Gu\u00e9risseuse, Camille Pelloux, Chamonix,&#8230;<\/p>\n","protected":false},"author":1,"featured_media":0,"parent":0,"menu_order":0,"comment_status":"closed","ping_status":"closed","template":"","meta":{"footnotes":""},"class_list":["post-22","page","type-page","status-publish","hentry"],"fbg_featured_image_src":{"full":false,"thumbnail":false,"medium":false,"medium_large":false,"large":false,"1536x1536":false,"2048x2048":false},"fbg_excerpt":"Contact evabigeard@yahoo.fr +33603271029 @evabigeard Publications 2026, Fendre lame, portrait de Gabriella Papadakis, Lib\u00e9ration 2025, Pi\u00e9 &amp; La SAAB, Edition de l'Obession N\u00b05 2021, Yoga et Trail, Sophie Bernaille, Guide Broch\u00e9 2019 Je m'enneige, Beno\u00eft Sourty, Roman Broch\u00e9 2019 Nature Gu\u00e9risseuse, Camille Pelloux, Edition Marabout Expositions 2023-2024-2025 Cycle photographique, Taninges 2019 Nature Gu\u00e9risseuse, Camille Pelloux, Chamonix,...","_links":{"self":[{"href":"http:\/\/evabigeard.fr\/index.php?rest_route=\/wp\/v2\/pages\/22","targetHints":{"allow":["GET"]}}],"collection":[{"href":"http:\/\/evabigeard.fr\/index.php?rest_route=\/wp\/v2\/pages"}],"about":[{"href":"http:\/\/evabigeard.fr\/index.php?rest_route=\/wp\/v2\/types\/page"}],"author":[{"embeddable":true,"href":"http:\/\/evabigeard.fr\/index.php?rest_route=\/wp\/v2\/users\/1"}],"replies":[{"embeddable":true,"href":"http:\/\/evabigeard.fr\/index.php?rest_route=%2Fwp%2Fv2%2Fcomments&post=22"}],"version-history":[{"count":7,"href":"http:\/\/evabigeard.fr\/index.php?rest_route=\/wp\/v2\/pages\/22\/revisions"}],"predecessor-version":[{"id":2158,"href":"http:\/\/evabigeard.fr\/index.php?rest_route=\/wp\/v2\/pages\/22\/revisions\/2158"}],"wp:attachment":[{"href":"http:\/\/evabigeard.fr\/index.php?rest_route=%2Fwp%2Fv2%2Fmedia&parent=22"}],"curies":[{"name":"wp","href":"https:\/\/api.w.org\/{rel}","templated":true}]}}